{"id":255,"date":"2021-10-11T18:20:55","date_gmt":"2021-10-11T16:20:55","guid":{"rendered":"https:\/\/www.ff-trasdorf.at\/new\/?page_id=255"},"modified":"2026-03-02T16:55:24","modified_gmt":"2026-03-02T15:55:24","slug":"datenschutzerklaerung","status":"publish","type":"page","link":"https:\/\/www.ff-trasdorf.at\/new\/datenschutzerklaerung\/","title":{"rendered":"Datenschutzerkl\u00e4rung"},"content":{"rendered":"\t\t<div data-elementor-type=\"wp-page\" data-elementor-id=\"255\" class=\"elementor elementor-255\" data-elementor-post-type=\"page\">\n\t\t\t\t\t\t<section class=\"elementor-section elementor-top-section elementor-element elementor-element-acc0d28 elementor-section-boxed elementor-section-height-default elementor-section-height-default\" data-id=\"acc0d28\" data-element_type=\"section\" data-e-type=\"section\">\n\t\t\t\t\t\t<div class=\"elementor-container elementor-column-gap-default\">\n\t\t\t\t\t<div class=\"elementor-column elementor-col-100 elementor-top-column elementor-element elementor-element-e847f22\" data-id=\"e847f22\" data-element_type=\"column\" data-e-type=\"column\">\n\t\t\t<div class=\"elementor-widget-wrap elementor-element-populated\">\n\t\t\t\t\t\t<div class=\"elementor-element elementor-element-b4fd127 elementor-widget elementor-widget-heading\" data-id=\"b4fd127\" data-element_type=\"widget\" data-e-type=\"widget\" data-widget_type=\"heading.default\">\n\t\t\t\t<div class=\"elementor-widget-container\">\n\t\t\t\t\t<h4 class=\"elementor-heading-title elementor-size-default\">Datenschutzerkl\u00e4rung<\/h4>\t\t\t\t<\/div>\n\t\t\t\t<\/div>\n\t\t\t\t\t<\/div>\n\t\t<\/div>\n\t\t\t\t\t<\/div>\n\t\t<\/section>\n\t\t\t\t<section class=\"elementor-section elementor-top-section elementor-element elementor-element-dbd030d elementor-section-boxed elementor-section-height-default elementor-section-height-default\" data-id=\"dbd030d\" data-element_type=\"section\" data-e-type=\"section\">\n\t\t\t\t\t\t<div class=\"elementor-container elementor-column-gap-default\">\n\t\t\t\t\t<div class=\"elementor-column elementor-col-100 elementor-top-column elementor-element elementor-element-9e9a48c\" data-id=\"9e9a48c\" data-element_type=\"column\" data-e-type=\"column\">\n\t\t\t<div class=\"elementor-widget-wrap elementor-element-populated\">\n\t\t\t\t\t\t<div class=\"elementor-element elementor-element-723e851 e-transform elementor-widget elementor-widget-text-editor\" data-id=\"723e851\" data-element_type=\"widget\" data-e-type=\"widget\" data-settings=\"{&quot;_transform_translateY_effect&quot;:{&quot;unit&quot;:&quot;px&quot;,&quot;size&quot;:12,&quot;sizes&quot;:[]},&quot;_transform_translateX_effect&quot;:{&quot;unit&quot;:&quot;px&quot;,&quot;size&quot;:&quot;&quot;,&quot;sizes&quot;:[]},&quot;_transform_translateX_effect_tablet&quot;:{&quot;unit&quot;:&quot;px&quot;,&quot;size&quot;:&quot;&quot;,&quot;sizes&quot;:[]},&quot;_transform_translateX_effect_mobile&quot;:{&quot;unit&quot;:&quot;px&quot;,&quot;size&quot;:&quot;&quot;,&quot;sizes&quot;:[]},&quot;_transform_translateY_effect_tablet&quot;:{&quot;unit&quot;:&quot;px&quot;,&quot;size&quot;:&quot;&quot;,&quot;sizes&quot;:[]},&quot;_transform_translateY_effect_mobile&quot;:{&quot;unit&quot;:&quot;px&quot;,&quot;size&quot;:&quot;&quot;,&quot;sizes&quot;:[]}}\" data-widget_type=\"text-editor.default\">\n\t\t\t\t<div class=\"elementor-widget-container\">\n\t\t\t\t\t\t\t\t\t<p>Der Schutz Ihrer pers\u00f6nlichen Daten ist uns wichtig. Nachfolgend informieren wir Sie, wie wir Ihre Daten auf der Website <strong>ff-trasdorf.at<\/strong> erheben, verarbeiten und nutzen.<\/p><h3>1. Verantwortlicher<\/h3><p>FF Trasdorf<br \/>D\u00fcrnrohrerstra\u00dfe 9<br \/>3452 Trasdorf<br \/>E-Mail: <a href=\"mailto:office@ff-trasdorf.at\">office@ff-trasdorf.at<\/a><\/p><h3>2. Erhebung und Verarbeitung personenbezogener Daten<\/h3><ul><li>Beim Besuch unserer Website erhebt unser Webserver automatisch Logfiles: IP-Adresse, Browsertyp, Betriebssystem, Datum\/Uhrzeit. Diese Daten dienen ausschlie\u00dflich der technischen Administration und Verbesserung des Angebots.<\/li><li>Personenbezogene Daten (z.\u202fB. Name, E-Mail-Adresse) werden nur erhoben, wenn Sie uns diese freiwillig \u00fcber die <a href=\"\/new\/kontakt\/\">Kontaktseite<\/a> \u00fcbermitteln.<\/li><\/ul><h3>3. Cookies und Tracking<\/h3><ul><li>Wir verwenden Cookies, um die Benutzerfreundlichkeit unserer Website zu verbessern und Analysen durchzuf\u00fchren.<\/li><li>Das Plugin <strong>Complianz<\/strong> verwaltet die Einwilligungen: nicht-essenzielle Cookies (z.\u202fB. Google Analytics, Social Media Widgets) werden erst nach aktiver Zustimmung gesetzt.<\/li><li>Sie k\u00f6nnen Ihre Cookie-Einstellungen jederzeit \u00fcber das Banner \u00e4ndern oder ablehnen.<\/li><\/ul><h3>4. Eingebundene Dienste \/ Drittanbieter<\/h3><ul><li><strong>Google Maps:<\/strong> Eingebettete Karten von Google Maps \u00fcbertragen Daten an Google in die USA. Weitere Informationen: <a href=\"https:\/\/policies.google.com\/privacy\">Google Datenschutzerkl\u00e4rung<\/a>.<\/li><li><strong>Google Fonts:<\/strong> Schriftarten werden lokal \u00fcber OMGF geladen, um Daten\u00fcbertragung an Google zu vermeiden.<\/li><li><strong>Social Media:<\/strong> Facebook- und Instagram-Links \/ Widgets werden nur aktiv, wenn Sie die Dienste nutzen. Es erfolgt keine automatische Daten\u00fcbertragung ohne Consent.<\/li><li><strong>Google Analytics (optional):<\/strong> Wird nur bei Einwilligung aktiviert; IP-Adressen werden anonymisiert. Verarbeitung erfolgt gem\u00e4\u00df DSGVO und AV-Vertrag mit Google.<\/li><\/ul><h3>5. Rechtsgrundlage<\/h3><p>Die Verarbeitung personenbezogener Daten erfolgt auf Grundlage Ihrer Einwilligung (Art. 6 Abs. 1 lit. a DSGVO) oder zur Wahrung berechtigter Interessen (Art. 6 Abs. 1 lit. f DSGVO), z.\u202fB. Website-Betrieb, Sicherheit, Statistik.<\/p><h3>6. Weitergabe an Dritte<\/h3><p>Daten werden nicht an Dritte weitergegeben, au\u00dfer gesetzlich vorgeschrieben oder mit Ihrer ausdr\u00fccklichen Einwilligung.<\/p><h3>7. Speicherdauer<\/h3><p>Daten werden nur so lange gespeichert, wie es f\u00fcr den jeweiligen Zweck notwendig ist oder gesetzlich vorgeschrieben.<\/p><h3>8. Ihre Rechte<\/h3><ul><li>Auskunft \u00fcber gespeicherte Daten<\/li><li>Berichtigung oder L\u00f6schung Ihrer Daten<\/li><li>Einschr\u00e4nkung der Verarbeitung<\/li><li>Widerspruch gegen Verarbeitung<\/li><li>Beschwerderecht bei der Datenschutzbeh\u00f6rde<\/li><\/ul><h3>9. \u00c4nderungen<\/h3><p>Wir behalten uns vor, diese Datenschutzerkl\u00e4rung bei Bedarf anzupassen. Bitte pr\u00fcfen Sie die Erkl\u00e4rung regelm\u00e4\u00dfig auf Aktualit\u00e4t.<\/p>\t\t\t\t\t\t\t\t<\/div>\n\t\t\t\t<\/div>\n\t\t\t\t\t<\/div>\n\t\t<\/div>\n\t\t\t\t\t<\/div>\n\t\t<\/section>\n\t\t\t\t<section class=\"elementor-section elementor-top-section elementor-element elementor-element-7fbb2cc elementor-section-boxed elementor-section-height-default elementor-section-height-default\" data-id=\"7fbb2cc\" data-element_type=\"section\" data-e-type=\"section\">\n\t\t\t\t\t\t<div class=\"elementor-container elementor-column-gap-default\">\n\t\t\t\t\t<div class=\"elementor-column elementor-col-100 elementor-top-column elementor-element elementor-element-2efafb9\" data-id=\"2efafb9\" data-element_type=\"column\" data-e-type=\"column\">\n\t\t\t<div class=\"elementor-widget-wrap elementor-element-populated\">\n\t\t\t\t\t\t<div class=\"elementor-element elementor-element-03f330c elementor-widget elementor-widget-heading\" data-id=\"03f330c\" data-element_type=\"widget\" data-e-type=\"widget\" data-widget_type=\"heading.default\">\n\t\t\t\t<div class=\"elementor-widget-container\">\n\t\t\t\t\t<h2 class=\"elementor-heading-title elementor-size-default\">Datenschutzerkl\u00e4rung<\/h2>\t\t\t\t<\/div>\n\t\t\t\t<\/div>\n\t\t\t\t\t<\/div>\n\t\t<\/div>\n\t\t\t\t\t<\/div>\n\t\t<\/section>\n\t\t\t\t<\/div>\n\t\t","protected":false},"excerpt":{"rendered":"<p>Datenschutzerkl\u00e4rung Der Schutz Ihrer pers\u00f6nlichen Daten ist uns wichtig. Nachfolgend informieren wir Sie, wie wir Ihre Daten auf der Website ff-trasdorf.at erheben, verarbeiten und nutzen. 1. Verantwortlicher FF TrasdorfD\u00fcrnrohrerstra\u00dfe 93452 TrasdorfE-Mail: office@ff-trasdorf.at 2. Erhebung und Verarbeitung personenbezogener Daten Beim Besuch unserer Website erhebt unser Webserver automatisch Logfiles: IP-Adresse, Browsertyp, Betriebssystem, Datum\/Uhrzeit. Diese Daten dienen ausschlie\u00dflich [&hellip;]<\/p>\n","protected":false},"author":1,"featured_media":0,"parent":0,"menu_order":0,"comment_status":"closed","ping_status":"closed","template":"","meta":{"_monsterinsights_skip_tracking":false,"_monsterinsights_sitenote_active":false,"_monsterinsights_sitenote_note":"","_monsterinsights_sitenote_category":0,"footnotes":""},"class_list":["post-255","page","type-page","status-publish","hentry","entry"],"_links":{"self":[{"href":"https:\/\/www.ff-trasdorf.at\/new\/wp-json\/wp\/v2\/pages\/255","targetHints":{"allow":["GET"]}}],"collection":[{"href":"https:\/\/www.ff-trasdorf.at\/new\/wp-json\/wp\/v2\/pages"}],"about":[{"href":"https:\/\/www.ff-trasdorf.at\/new\/wp-json\/wp\/v2\/types\/page"}],"author":[{"embeddable":true,"href":"https:\/\/www.ff-trasdorf.at\/new\/wp-json\/wp\/v2\/users\/1"}],"replies":[{"embeddable":true,"href":"https:\/\/www.ff-trasdorf.at\/new\/wp-json\/wp\/v2\/comments?post=255"}],"version-history":[{"count":27,"href":"https:\/\/www.ff-trasdorf.at\/new\/wp-json\/wp\/v2\/pages\/255\/revisions"}],"predecessor-version":[{"id":4008,"href":"https:\/\/www.ff-trasdorf.at\/new\/wp-json\/wp\/v2\/pages\/255\/revisions\/4008"}],"wp:attachment":[{"href":"https:\/\/www.ff-trasdorf.at\/new\/wp-json\/wp\/v2\/media?parent=255"}],"curies":[{"name":"wp","href":"https:\/\/api.w.org\/{rel}","templated":true}]}}