{"id":1442,"date":"2022-03-10T15:17:19","date_gmt":"2022-03-10T14:17:19","guid":{"rendered":"https:\/\/www.ff-trasdorf.at\/new\/?page_id=1442"},"modified":"2022-05-09T15:10:14","modified_gmt":"2022-05-09T13:10:14","slug":"tlf","status":"publish","type":"page","link":"https:\/\/www.ff-trasdorf.at\/new\/tlf\/","title":{"rendered":"TLF"},"content":{"rendered":"\t\t<div data-elementor-type=\"wp-page\" data-elementor-id=\"1442\" class=\"elementor elementor-1442\" data-elementor-post-type=\"page\">\n\t\t\t\t\t\t<section class=\"elementor-section elementor-top-section elementor-element elementor-element-d7a1d78 elementor-section-boxed elementor-section-height-default elementor-section-height-default\" data-id=\"d7a1d78\" data-element_type=\"section\" data-e-type=\"section\">\n\t\t\t\t\t\t<div class=\"elementor-container elementor-column-gap-default\">\n\t\t\t\t\t<div class=\"elementor-column elementor-col-100 elementor-top-column elementor-element elementor-element-8ef2060\" data-id=\"8ef2060\" data-element_type=\"column\" data-e-type=\"column\">\n\t\t\t<div class=\"elementor-widget-wrap elementor-element-populated\">\n\t\t\t\t\t\t<div class=\"elementor-element elementor-element-a0a4224 e-transform elementor-widget elementor-widget-heading\" data-id=\"a0a4224\" data-element_type=\"widget\" data-e-type=\"widget\" data-settings=\"{&quot;_transform_translateX_effect&quot;:{&quot;unit&quot;:&quot;px&quot;,&quot;size&quot;:&quot;&quot;,&quot;sizes&quot;:[]},&quot;_transform_translateX_effect_tablet&quot;:{&quot;unit&quot;:&quot;px&quot;,&quot;size&quot;:&quot;&quot;,&quot;sizes&quot;:[]},&quot;_transform_translateX_effect_mobile&quot;:{&quot;unit&quot;:&quot;px&quot;,&quot;size&quot;:&quot;&quot;,&quot;sizes&quot;:[]},&quot;_transform_translateY_effect&quot;:{&quot;unit&quot;:&quot;px&quot;,&quot;size&quot;:&quot;&quot;,&quot;sizes&quot;:[]},&quot;_transform_translateY_effect_tablet&quot;:{&quot;unit&quot;:&quot;px&quot;,&quot;size&quot;:&quot;&quot;,&quot;sizes&quot;:[]},&quot;_transform_translateY_effect_mobile&quot;:{&quot;unit&quot;:&quot;px&quot;,&quot;size&quot;:&quot;&quot;,&quot;sizes&quot;:[]}}\" data-widget_type=\"heading.default\">\n\t\t\t\t<div class=\"elementor-widget-container\">\n\t\t\t\t\t<h1 class=\"elementor-heading-title elementor-size-default\">TLF-A 4000 \nTankl\u00f6schfahrzeug mit Allradantrieb,\n4.000 Liter L\u00f6schwassertank<\/h1>\t\t\t\t<\/div>\n\t\t\t\t<\/div>\n\t\t\t\t\t<\/div>\n\t\t<\/div>\n\t\t\t\t\t<\/div>\n\t\t<\/section>\n\t\t\t\t<section class=\"elementor-section elementor-top-section elementor-element elementor-element-505da293 elementor-section-boxed elementor-section-height-default elementor-section-height-default\" data-id=\"505da293\" data-element_type=\"section\" data-e-type=\"section\">\n\t\t\t\t\t\t<div class=\"elementor-container elementor-column-gap-default\">\n\t\t\t\t\t<div class=\"elementor-column elementor-col-50 elementor-top-column elementor-element elementor-element-dca6b46\" data-id=\"dca6b46\" data-element_type=\"column\" data-e-type=\"column\">\n\t\t\t<div class=\"elementor-widget-wrap elementor-element-populated\">\n\t\t\t\t\t\t<div class=\"elementor-element elementor-element-53ada1f4 elementor-widget elementor-widget-image\" data-id=\"53ada1f4\" data-element_type=\"widget\" data-e-type=\"widget\" data-widget_type=\"image.default\">\n\t\t\t\t<div class=\"elementor-widget-container\">\n\t\t\t\t\t\t\t\t\t\t\t\t\t\t\t<img fetchpriority=\"high\" decoding=\"async\" width=\"1024\" height=\"683\" src=\"https:\/\/www.ff-trasdorf.at\/new\/wp-content\/uploads\/2022\/03\/tank-1024x683.jpg\" class=\"attachment-large size-large wp-image-1572\" alt=\"\" srcset=\"https:\/\/www.ff-trasdorf.at\/new\/wp-content\/uploads\/2022\/03\/tank-1024x683.jpg 1024w, https:\/\/www.ff-trasdorf.at\/new\/wp-content\/uploads\/2022\/03\/tank-300x200.jpg 300w, https:\/\/www.ff-trasdorf.at\/new\/wp-content\/uploads\/2022\/03\/tank-768x512.jpg 768w, https:\/\/www.ff-trasdorf.at\/new\/wp-content\/uploads\/2022\/03\/tank-1536x1025.jpg 1536w, https:\/\/www.ff-trasdorf.at\/new\/wp-content\/uploads\/2022\/03\/tank-600x400.jpg 600w, https:\/\/www.ff-trasdorf.at\/new\/wp-content\/uploads\/2022\/03\/tank-973x649.jpg 973w, https:\/\/www.ff-trasdorf.at\/new\/wp-content\/uploads\/2022\/03\/tank.jpg 1772w\" sizes=\"(max-width: 1024px) 100vw, 1024px\" \/>\t\t\t\t\t\t\t\t\t\t\t\t\t\t\t<\/div>\n\t\t\t\t<\/div>\n\t\t\t\t\t<\/div>\n\t\t<\/div>\n\t\t\t\t<div class=\"elementor-column elementor-col-50 elementor-top-column elementor-element elementor-element-6dfb54fd\" data-id=\"6dfb54fd\" data-element_type=\"column\" data-e-type=\"column\">\n\t\t\t<div class=\"elementor-widget-wrap elementor-element-populated\">\n\t\t\t\t\t<div class=\"elementor-background-overlay\"><\/div>\n\t\t\t\t\t\t<div class=\"elementor-element elementor-element-34343d69 elementor-widget elementor-widget-text-editor\" data-id=\"34343d69\" data-element_type=\"widget\" data-e-type=\"widget\" data-widget_type=\"text-editor.default\">\n\t\t\t\t<div class=\"elementor-widget-container\">\n\t\t\t\t\t\t\t\t\t<p><strong>Rufname: Tank Trasdorf<br \/><\/strong><br \/>IVECO Magirus, Baujahr 2003<br \/>mit wasserf\u00fchrenden Armaturen zur Brandbek\u00e4mpfung, Seilwinde,<br \/>3 Atemschutzger\u00e4ten, Notstromaggregat, Wasserwerfer u. Stra\u00dfenwaschanlage.<br \/><br \/>Eingeweiht am 28. September 2003<\/p>\t\t\t\t\t\t\t\t<\/div>\n\t\t\t\t<\/div>\n\t\t\t\t\t<\/div>\n\t\t<\/div>\n\t\t\t\t\t<\/div>\n\t\t<\/section>\n\t\t\t\t<\/div>\n\t\t","protected":false},"excerpt":{"rendered":"<p>TLF-A 4000 Tankl\u00f6schfahrzeug mit Allradantrieb, 4.000 Liter L\u00f6schwassertank Rufname: Tank TrasdorfIVECO Magirus, Baujahr 2003mit wasserf\u00fchrenden Armaturen zur Brandbek\u00e4mpfung, Seilwinde,3 Atemschutzger\u00e4ten, Notstromaggregat, Wasserwerfer u. Stra\u00dfenwaschanlage. Eingeweiht am 28. September 2003<\/p>\n","protected":false},"author":1,"featured_media":0,"parent":0,"menu_order":0,"comment_status":"closed","ping_status":"closed","template":"","meta":{"_monsterinsights_skip_tracking":false,"_monsterinsights_sitenote_active":false,"_monsterinsights_sitenote_note":"","_monsterinsights_sitenote_category":0,"footnotes":""},"class_list":["post-1442","page","type-page","status-publish","hentry","entry"],"_links":{"self":[{"href":"https:\/\/www.ff-trasdorf.at\/new\/wp-json\/wp\/v2\/pages\/1442","targetHints":{"allow":["GET"]}}],"collection":[{"href":"https:\/\/www.ff-trasdorf.at\/new\/wp-json\/wp\/v2\/pages"}],"about":[{"href":"https:\/\/www.ff-trasdorf.at\/new\/wp-json\/wp\/v2\/types\/page"}],"author":[{"embeddable":true,"href":"https:\/\/www.ff-trasdorf.at\/new\/wp-json\/wp\/v2\/users\/1"}],"replies":[{"embeddable":true,"href":"https:\/\/www.ff-trasdorf.at\/new\/wp-json\/wp\/v2\/comments?post=1442"}],"version-history":[{"count":43,"href":"https:\/\/www.ff-trasdorf.at\/new\/wp-json\/wp\/v2\/pages\/1442\/revisions"}],"predecessor-version":[{"id":2490,"href":"https:\/\/www.ff-trasdorf.at\/new\/wp-json\/wp\/v2\/pages\/1442\/revisions\/2490"}],"wp:attachment":[{"href":"https:\/\/www.ff-trasdorf.at\/new\/wp-json\/wp\/v2\/media?parent=1442"}],"curies":[{"name":"wp","href":"https:\/\/api.w.org\/{rel}","templated":true}]}}