{"id":1198,"date":"2022-02-15T10:23:22","date_gmt":"2022-02-15T09:23:22","guid":{"rendered":"https:\/\/www.ff-trasdorf.at\/new\/?page_id=1198"},"modified":"2025-08-31T18:32:40","modified_gmt":"2025-08-31T16:32:40","slug":"kommandant","status":"publish","type":"page","link":"https:\/\/www.ff-trasdorf.at\/new\/kommandant\/","title":{"rendered":"Kommandant"},"content":{"rendered":"\t\t<div data-elementor-type=\"wp-page\" data-elementor-id=\"1198\" class=\"elementor elementor-1198\" data-elementor-post-type=\"page\">\n\t\t\t\t\t\t<section class=\"elementor-section elementor-top-section elementor-element elementor-element-966826c elementor-section-boxed elementor-section-height-default elementor-section-height-default\" data-id=\"966826c\" data-element_type=\"section\" data-e-type=\"section\">\n\t\t\t\t\t\t<div class=\"elementor-container elementor-column-gap-default\">\n\t\t\t\t\t<div class=\"elementor-column elementor-col-50 elementor-top-column elementor-element elementor-element-b860815\" data-id=\"b860815\" data-element_type=\"column\" data-e-type=\"column\">\n\t\t\t<div class=\"elementor-widget-wrap elementor-element-populated\">\n\t\t\t\t\t\t<div class=\"elementor-element elementor-element-c651a87 elementor-widget elementor-widget-image\" data-id=\"c651a87\" data-element_type=\"widget\" data-e-type=\"widget\" data-widget_type=\"image.default\">\n\t\t\t\t<div class=\"elementor-widget-container\">\n\t\t\t\t\t\t\t\t\t\t\t\t\t\t\t<img fetchpriority=\"high\" decoding=\"async\" width=\"1181\" height=\"1772\" src=\"https:\/\/www.ff-trasdorf.at\/new\/wp-content\/uploads\/2025\/08\/keiblinger2025.png\" class=\"attachment-2048x2048 size-2048x2048 wp-image-3785\" alt=\"\" srcset=\"https:\/\/www.ff-trasdorf.at\/new\/wp-content\/uploads\/2025\/08\/keiblinger2025.png 1181w, https:\/\/www.ff-trasdorf.at\/new\/wp-content\/uploads\/2025\/08\/keiblinger2025-200x300.png 200w, https:\/\/www.ff-trasdorf.at\/new\/wp-content\/uploads\/2025\/08\/keiblinger2025-682x1024.png 682w, https:\/\/www.ff-trasdorf.at\/new\/wp-content\/uploads\/2025\/08\/keiblinger2025-768x1152.png 768w, https:\/\/www.ff-trasdorf.at\/new\/wp-content\/uploads\/2025\/08\/keiblinger2025-1024x1536.png 1024w\" sizes=\"(max-width: 1181px) 100vw, 1181px\" \/>\t\t\t\t\t\t\t\t\t\t\t\t\t\t\t<\/div>\n\t\t\t\t<\/div>\n\t\t\t\t\t<\/div>\n\t\t<\/div>\n\t\t\t\t<div class=\"elementor-column elementor-col-50 elementor-top-column elementor-element elementor-element-ad47170\" data-id=\"ad47170\" data-element_type=\"column\" data-e-type=\"column\">\n\t\t\t<div class=\"elementor-widget-wrap elementor-element-populated\">\n\t\t\t\t\t\t<div class=\"elementor-element elementor-element-941451b elementor-widget elementor-widget-text-editor\" data-id=\"941451b\" data-element_type=\"widget\" data-e-type=\"widget\" data-widget_type=\"text-editor.default\">\n\t\t\t\t<div class=\"elementor-widget-container\">\n\t\t\t\t\t\t\t\t\t<p><u style=\"\"><b>Kommandant<br><\/b><\/u><span style=\"font-size: 15px; background-color: var( --e-global-color-62b0346 ); letter-spacing: 0.2px;\">Ing. Gerald Keiblinger<\/span><\/p>\n<p><u>Geboren<br><\/u><span style=\"font-size: 15px; letter-spacing: 0.2px;\">1981 in Tulln<\/span><\/p>\n<p><u style=\"font-size: 15px; letter-spacing: 0.2px;\">Berufliche T\u00e4tigkeit<br><\/u><span style=\"font-size: 15px; letter-spacing: 0.2px;\">Gartenbautechniker<\/span><\/p>\n<p><u style=\"font-size: 15px; letter-spacing: 0.2px;\">Eintritt in die FF Trasdorf<br><\/u><span style=\"font-size: 15px; letter-spacing: 0.2px;\">Mai 1996<\/span><\/p>\n<p><u style=\"font-size: 15px; letter-spacing: 0.2px;\">Funktionen<br><\/u><span style=\"font-size: 15px; letter-spacing: 0.2px;\">2001-2006&nbsp;&nbsp;&nbsp;&nbsp;&nbsp; Gruppenkommandant<br><\/span><span style=\"font-size: 15px; letter-spacing: 0.2px;\">seit 2001&nbsp; &nbsp; &nbsp; &nbsp; &nbsp;Sachbearbeiter&nbsp;<\/span><span style=\"font-size: 15px; letter-spacing: 0.2px;\">\u00d6ffentlichkeitsarbeit und Dokumentation<br><\/span><span style=\"font-size: 15px; letter-spacing: 0.2px;\">2005-2018&nbsp;&nbsp;&nbsp;&nbsp;&nbsp; A-Pr\u00fcfer&nbsp;<\/span><span style=\"font-size: 15px; letter-spacing: 0.2px;\">&#8218;Ausbildungspr\u00fcfung L\u00f6scheinsatz&#8216;<br><\/span><span style=\"font-size: 15px; letter-spacing: 0.2px;\">2006-2016&nbsp;&nbsp;&nbsp;&nbsp;&nbsp; 1.&nbsp;<\/span><span style=\"font-size: 15px; letter-spacing: 0.2px;\">Feuerwehrkommandant-Stellvertreter FF Trasdorf<br><\/span><span style=\"font-size: 15px; letter-spacing: 0.2px;\">2006-2019&nbsp;&nbsp;&nbsp;&nbsp;&nbsp; Bewerter&nbsp;<\/span><span style=\"font-size: 15px; letter-spacing: 0.2px;\">beim Bezirkswasserdienstleistungsbewerb<br><\/span><span style=\"font-size: 15px; letter-spacing: 0.2px;\">2008-2021&nbsp;&nbsp;&nbsp;&nbsp;&nbsp; Abschnittssachbearbeiter&nbsp;<\/span><span style=\"font-size: 15px; letter-spacing: 0.2px;\">Ausbildung<br><\/span><span style=\"font-size: 15px; letter-spacing: 0.2px;\">seit 2012&nbsp;&nbsp;&nbsp;&nbsp;&nbsp;&nbsp;&nbsp;&nbsp; Lehrbeauftragter&nbsp;<\/span><span style=\"font-size: 15px; letter-spacing: 0.2px;\">&#8218;Grundlagen F\u00fchrung&#8216;<br><\/span><span style=\"font-size: 15px; letter-spacing: 0.2px;\">seit 2016&nbsp;&nbsp;&nbsp;&nbsp;&nbsp;&nbsp;&nbsp;&nbsp; Feuerwehrkommandant&nbsp;<\/span><span style=\"font-size: 15px; letter-spacing: 0.2px;\">FF Trasdorf<br><\/span><span style=\"font-size: 15px; letter-spacing: 0.2px;\">2016-2021&nbsp;&nbsp;&nbsp;&nbsp;&nbsp; Unterabschnittskommandant&nbsp;<\/span><span style=\"font-size: 15px; letter-spacing: 0.2px;\">(Gemeinde Atzenbrugg)<br><\/span><span style=\"font-size: 15px; letter-spacing: 0.2px;\">seit 2018&nbsp;&nbsp;&nbsp;&nbsp;&nbsp;&nbsp;&nbsp;&nbsp; Hauptpr\u00fcfer&nbsp;<\/span><span style=\"font-size: 15px; letter-spacing: 0.2px;\">&#8218;Ausbildungspr\u00fcfung L\u00f6scheinsatz&#8216;<br><\/span><span style=\"font-size: 15px; letter-spacing: 0.2px;\">seit 2021&nbsp;&nbsp;&nbsp;&nbsp;&nbsp;&nbsp;&nbsp;&nbsp; Abschnittsfeuerwehrkommandant-Stellvertreter<br>&nbsp;<\/span><span style=\"font-size: 15px; letter-spacing: 0.2px;\">(Abschnitt Atzenbrugg<\/span><\/p>\t\t\t\t\t\t\t\t<\/div>\n\t\t\t\t<\/div>\n\t\t\t\t\t<\/div>\n\t\t<\/div>\n\t\t\t\t\t<\/div>\n\t\t<\/section>\n\t\t\t\t<\/div>\n\t\t","protected":false},"excerpt":{"rendered":"<p>KommandantIng. Gerald Keiblinger Geboren1981 in Tulln Berufliche T\u00e4tigkeitGartenbautechniker Eintritt in die FF TrasdorfMai 1996 Funktionen2001-2006&nbsp;&nbsp;&nbsp;&nbsp;&nbsp; Gruppenkommandantseit 2001&nbsp; &nbsp; &nbsp; &nbsp; &nbsp;Sachbearbeiter&nbsp;\u00d6ffentlichkeitsarbeit und Dokumentation2005-2018&nbsp;&nbsp;&nbsp;&nbsp;&nbsp; A-Pr\u00fcfer&nbsp;&#8218;Ausbildungspr\u00fcfung L\u00f6scheinsatz&#8216;2006-2016&nbsp;&nbsp;&nbsp;&nbsp;&nbsp; 1.&nbsp;Feuerwehrkommandant-Stellvertreter FF Trasdorf2006-2019&nbsp;&nbsp;&nbsp;&nbsp;&nbsp; Bewerter&nbsp;beim Bezirkswasserdienstleistungsbewerb2008-2021&nbsp;&nbsp;&nbsp;&nbsp;&nbsp; Abschnittssachbearbeiter&nbsp;Ausbildungseit 2012&nbsp;&nbsp;&nbsp;&nbsp;&nbsp;&nbsp;&nbsp;&nbsp; Lehrbeauftragter&nbsp;&#8218;Grundlagen F\u00fchrung&#8216;seit 2016&nbsp;&nbsp;&nbsp;&nbsp;&nbsp;&nbsp;&nbsp;&nbsp; Feuerwehrkommandant&nbsp;FF Trasdorf2016-2021&nbsp;&nbsp;&nbsp;&nbsp;&nbsp; Unterabschnittskommandant&nbsp;(Gemeinde Atzenbrugg)seit 2018&nbsp;&nbsp;&nbsp;&nbsp;&nbsp;&nbsp;&nbsp;&nbsp; Hauptpr\u00fcfer&nbsp;&#8218;Ausbildungspr\u00fcfung L\u00f6scheinsatz&#8216;seit 2021&nbsp;&nbsp;&nbsp;&nbsp;&nbsp;&nbsp;&nbsp;&nbsp; Abschnittsfeuerwehrkommandant-Stellvertreter&nbsp;(Abschnitt Atzenbrugg<\/p>\n","protected":false},"author":1,"featured_media":0,"parent":0,"menu_order":0,"comment_status":"closed","ping_status":"closed","template":"","meta":{"_monsterinsights_skip_tracking":false,"_monsterinsights_sitenote_active":false,"_monsterinsights_sitenote_note":"","_monsterinsights_sitenote_category":0,"footnotes":""},"class_list":["post-1198","page","type-page","status-publish","hentry","entry"],"_links":{"self":[{"href":"https:\/\/www.ff-trasdorf.at\/new\/wp-json\/wp\/v2\/pages\/1198","targetHints":{"allow":["GET"]}}],"collection":[{"href":"https:\/\/www.ff-trasdorf.at\/new\/wp-json\/wp\/v2\/pages"}],"about":[{"href":"https:\/\/www.ff-trasdorf.at\/new\/wp-json\/wp\/v2\/types\/page"}],"author":[{"embeddable":true,"href":"https:\/\/www.ff-trasdorf.at\/new\/wp-json\/wp\/v2\/users\/1"}],"replies":[{"embeddable":true,"href":"https:\/\/www.ff-trasdorf.at\/new\/wp-json\/wp\/v2\/comments?post=1198"}],"version-history":[{"count":34,"href":"https:\/\/www.ff-trasdorf.at\/new\/wp-json\/wp\/v2\/pages\/1198\/revisions"}],"predecessor-version":[{"id":3812,"href":"https:\/\/www.ff-trasdorf.at\/new\/wp-json\/wp\/v2\/pages\/1198\/revisions\/3812"}],"wp:attachment":[{"href":"https:\/\/www.ff-trasdorf.at\/new\/wp-json\/wp\/v2\/media?parent=1198"}],"curies":[{"name":"wp","href":"https:\/\/api.w.org\/{rel}","templated":true}]}}